{"id":10,"date":"2020-12-04T15:17:53","date_gmt":"2020-12-04T15:17:53","guid":{"rendered":"https:\/\/azcacruceros.com\/?page_id=10"},"modified":"2025-01-13T18:39:47","modified_gmt":"2025-01-13T18:39:47","slug":"inicio","status":"publish","type":"page","link":"https:\/\/azcacruceros.com\/","title":{"rendered":"TU MAYORISTA DE CRUCEROS"},"content":{"rendered":"\n<p>AZCA CRUCEROS nace de la experiencia y la confianza que nos han brindado las mejores compa\u00f1\u00edas de cruceros del mundo. Expertos en destinos como cruceros vuelta al mundo, Alaska, Asia y con la mejores condiciones para las agencias de viaje. Somos representantes exclusivos de Emerald River Waterways y Scenic Cruises en Colombia y Per\u00fa. Contamos con la mejor oferta del mercado seg\u00fan el pa\u00eds.<\/p>\n\n\n\n<div class=\"wp-block-group\"><div class=\"wp-block-group__inner-container is-layout-flow wp-block-group-is-layout-flow\">\n<h3 class=\"wp-block-heading\">ATENCI\u00d3N AL CLIENTE<\/h3>\n\n\n\n<p>Lunes &#8211; Viernes | 9:00 &#8211; 20:00<\/p>\n\n\n\n<p>Tel\u00e9fonos de contacto:<\/p>\n\n\n\n<p><a href=\"tel:+3493222222\">&nbsp;<\/a>ESPA\u00d1A +34 931205492<\/p>\n\n\n\n<p>COLOMBIA +57 15086836<\/p>\n\n\n\n<p>PER\u00da +51 17306747<\/p>\n\n\n\n<p><\/p>\n\n\n\n<p><\/p>\n<\/div><\/div>\n","protected":false},"excerpt":{"rendered":"<p>AZCA CRUCEROS nace de la experiencia y la confianza que nos han brindado las mejores compa\u00f1\u00edas de cruceros del mundo. Expertos en destinos como cruceros vuelta al mundo, Alaska, Asia y con la mejores condiciones para las agencias de viaje. Somos representantes exclusivos de Emerald River Waterways y Scenic Cruises en Colombia y Per\u00fa. Contamos &hellip; <\/p>\n<p class=\"link-more\"><a href=\"https:\/\/azcacruceros.com\/\" class=\"more-link\">Continuar leyendo<span class=\"screen-reader-text\"> \u00abTU MAYORISTA DE CRUCEROS\u00bb<\/span><\/a><\/p>\n","protected":false},"author":2,"featured_media":0,"parent":0,"menu_order":0,"comment_status":"closed","ping_status":"closed","template":"","meta":{"footnotes":""},"class_list":["post-10","page","type-page","status-publish","hentry"],"_links":{"self":[{"href":"https:\/\/azcacruceros.com\/index.php\/wp-json\/wp\/v2\/pages\/10","targetHints":{"allow":["GET"]}}],"collection":[{"href":"https:\/\/azcacruceros.com\/index.php\/wp-json\/wp\/v2\/pages"}],"about":[{"href":"https:\/\/azcacruceros.com\/index.php\/wp-json\/wp\/v2\/types\/page"}],"author":[{"embeddable":true,"href":"https:\/\/azcacruceros.com\/index.php\/wp-json\/wp\/v2\/users\/2"}],"replies":[{"embeddable":true,"href":"https:\/\/azcacruceros.com\/index.php\/wp-json\/wp\/v2\/comments?post=10"}],"version-history":[{"count":19,"href":"https:\/\/azcacruceros.com\/index.php\/wp-json\/wp\/v2\/pages\/10\/revisions"}],"predecessor-version":[{"id":266,"href":"https:\/\/azcacruceros.com\/index.php\/wp-json\/wp\/v2\/pages\/10\/revisions\/266"}],"wp:attachment":[{"href":"https:\/\/azcacruceros.com\/index.php\/wp-json\/wp\/v2\/media?parent=10"}],"curies":[{"name":"wp","href":"https:\/\/api.w.org\/{rel}","templated":true}]}}